{"id":6314,"date":"2025-09-29T12:23:57","date_gmt":"2025-09-29T10:23:57","guid":{"rendered":"http:\/\/wordpress.p698116.webspaceconfig.de\/witamy-w-kancelarii-tigges\/"},"modified":"2026-02-25T12:34:26","modified_gmt":"2026-02-25T11:34:26","slug":"witamy-w-kancelarii-tigges","status":"publish","type":"page","link":"https:\/\/tigges.legal\/pl\/witamy-w-kancelarii-tigges\/","title":{"rendered":"Witamy w kancelarii TIGGES"},"content":{"rendered":"\t\t<div data-elementor-type=\"wp-page\" data-elementor-id=\"6314\" class=\"elementor elementor-6314 elementor-20\" data-elementor-post-type=\"page\">\n\t\t\t\t<div class=\"elementor-element elementor-element-2e8c02b2 e-con-full e-flex e-con e-parent\" data-id=\"2e8c02b2\" data-element_type=\"container\" data-e-type=\"container\" data-settings=\"{&quot;background_background&quot;:&quot;classic&quot;}\">\n\t\t<div class=\"elementor-element elementor-element-252d8f3 e-con-full e-flex e-con e-child\" data-id=\"252d8f3\" data-element_type=\"container\" data-e-type=\"container\" data-settings=\"{&quot;background_background&quot;:&quot;classic&quot;,&quot;position&quot;:&quot;absolute&quot;}\">\n\t\t\t\t<div class=\"elementor-element elementor-element-2db53b16 elementor-widget__width-initial elementor-widget-divider--view-line elementor-invisible elementor-widget elementor-widget-divider\" data-id=\"2db53b16\" data-element_type=\"widget\" data-e-type=\"widget\" data-settings=\"{&quot;_animation&quot;:&quot;slideInLeft&quot;}\" data-widget_type=\"divider.default\">\n\t\t\t\t\t\t\t<div class=\"elementor-divider\">\n\t\t\t<span class=\"elementor-divider-separator\">\n\t\t\t\t\t\t<\/span>\n\t\t<\/div>\n\t\t\t\t\t\t<\/div>\n\t\t\t\t<div class=\"elementor-element elementor-element-6ad475b1 elementor-widget-mobile__width-initial elementor-widget elementor-widget-heading\" data-id=\"6ad475b1\" data-element_type=\"widget\" data-e-type=\"widget\" data-widget_type=\"heading.default\">\n\t\t\t\t\t<h2 class=\"elementor-heading-title elementor-size-default\">Beyond Borders, <br>Beyond Expectations.<\/h2>\t\t\t\t<\/div>\n\t\t\t\t<\/div>\n\t\t\t\t<\/div>\n\t\t<div class=\"elementor-element elementor-element-363754bb e-con-full e-flex e-con e-parent\" data-id=\"363754bb\" data-element_type=\"container\" data-e-type=\"container\" data-settings=\"{&quot;background_background&quot;:&quot;classic&quot;}\">\n\t\t<div class=\"elementor-element elementor-element-60b5210f e-flex e-con-boxed e-con e-child\" data-id=\"60b5210f\" data-element_type=\"container\" data-e-type=\"container\" data-settings=\"{&quot;background_background&quot;:&quot;classic&quot;}\">\n\t\t\t\t\t<div class=\"e-con-inner\">\n\t\t<div class=\"elementor-element elementor-element-7c733d9e e-con-full elementor-hidden-mobile_extra e-flex e-con e-child\" data-id=\"7c733d9e\" data-element_type=\"container\" data-e-type=\"container\" data-settings=\"{&quot;background_background&quot;:&quot;classic&quot;}\">\n\t\t\t\t<div class=\"elementor-element elementor-element-a32460b elementor-hidden-mobile_extra elementor-widget elementor-widget-image\" data-id=\"a32460b\" data-element_type=\"widget\" data-e-type=\"widget\" data-widget_type=\"image.default\">\n\t\t\t\t\t\t\t\t\t\t\t\t\t\t\t<img fetchpriority=\"high\" decoding=\"async\" width=\"800\" height=\"800\" src=\"https:\/\/tigges.legal\/wp-content\/uploads\/2025\/09\/Tigges-Schriftzug-1024x1024.jpg\" class=\"attachment-large size-large wp-image-5919\" alt=\"\" srcset=\"https:\/\/tigges.legal\/wp-content\/uploads\/2025\/09\/Tigges-Schriftzug-1024x1024.jpg 1024w, https:\/\/tigges.legal\/wp-content\/uploads\/2025\/09\/Tigges-Schriftzug-300x300.jpg 300w, https:\/\/tigges.legal\/wp-content\/uploads\/2025\/09\/Tigges-Schriftzug-150x150.jpg 150w, https:\/\/tigges.legal\/wp-content\/uploads\/2025\/09\/Tigges-Schriftzug-768x768.jpg 768w, https:\/\/tigges.legal\/wp-content\/uploads\/2025\/09\/Tigges-Schriftzug-1536x1536.jpg 1536w, https:\/\/tigges.legal\/wp-content\/uploads\/2025\/09\/Tigges-Schriftzug-2048x2048.jpg 2048w\" sizes=\"(max-width: 800px) 100vw, 800px\" \/>\t\t\t\t\t\t\t\t\t\t\t\t\t\t\t<\/div>\n\t\t\t\t<\/div>\n\t\t<div class=\"elementor-element elementor-element-2f7e982b e-con-full e-flex e-con e-child\" data-id=\"2f7e982b\" data-element_type=\"container\" data-e-type=\"container\">\n\t\t<div class=\"elementor-element elementor-element-af1b795 e-con-full e-flex e-con e-child\" data-id=\"af1b795\" data-element_type=\"container\" data-e-type=\"container\">\n\t\t\t\t<div class=\"elementor-element elementor-element-b58298f elementor-widget__width-initial elementor-widget-divider--view-line elementor-invisible elementor-widget elementor-widget-divider\" data-id=\"b58298f\" data-element_type=\"widget\" data-e-type=\"widget\" data-settings=\"{&quot;_animation&quot;:&quot;slideInLeft&quot;}\" data-widget_type=\"divider.default\">\n\t\t\t\t\t\t\t<div class=\"elementor-divider\">\n\t\t\t<span class=\"elementor-divider-separator\">\n\t\t\t\t\t\t<\/span>\n\t\t<\/div>\n\t\t\t\t\t\t<\/div>\n\t\t\t\t<div class=\"elementor-element elementor-element-a1d98ca elementor-hidden-mobile_extra elementor-hidden-mobile elementor-widget elementor-widget-heading\" data-id=\"a1d98ca\" data-element_type=\"widget\" data-e-type=\"widget\" data-widget_type=\"heading.default\">\n\t\t\t\t\t<h2 class=\"elementor-heading-title elementor-size-default\">Partner dla<br>\u015brednich przedsi\u0119biorstw<\/h2>\t\t\t\t<\/div>\n\t\t\t\t<div class=\"elementor-element elementor-element-e61343c elementor-widget-mobile__width-initial elementor-hidden-desktop elementor-hidden-laptop elementor-hidden-tablet_extra elementor-hidden-tablet elementor-widget elementor-widget-heading\" data-id=\"e61343c\" data-element_type=\"widget\" data-e-type=\"widget\" data-widget_type=\"heading.default\">\n\t\t\t\t\t<h2 class=\"elementor-heading-title elementor-size-default\">Partner dla \u015brednich przedsi\u0119biorstw<\/h2>\t\t\t\t<\/div>\n\t\t\t\t<\/div>\n\t\t\t\t<div class=\"elementor-element elementor-element-741be67 elementor-widget elementor-widget-text-editor\" data-id=\"741be67\" data-element_type=\"widget\" data-e-type=\"widget\" data-widget_type=\"text-editor.default\">\n\t\t\t\t\t\t\t\t\t<p>Oferujemy kompleksowe i precyzyjne doradztwo skierowane dla \u015bredniej wielko\u015bci firm, obejmuj\u0105ce wszystkie istotne aspekty prawne i podatkowe napotykane w codziennej dzia\u0142alno\u015bci. Opracowujemy pragmatyczne, pewne i bezpieczne rozwi\u0105zania oferowane z jednej r\u0119ki.<\/p>\t\t\t\t\t\t\t\t<\/div>\n\t\t\t\t<div class=\"elementor-element elementor-element-522d42ff elementor-icon-list--layout-traditional elementor-list-item-link-full_width elementor-widget elementor-widget-icon-list\" data-id=\"522d42ff\" data-element_type=\"widget\" data-e-type=\"widget\" data-widget_type=\"icon-list.default\">\n\t\t\t\t\t\t\t<ul class=\"elementor-icon-list-items\">\n\t\t\t\t\t\t\t<li class=\"elementor-icon-list-item\">\n\t\t\t\t\t\t\t\t\t\t\t<span class=\"elementor-icon-list-icon\">\n\t\t\t\t\t\t\t<svg aria-hidden=\"true\" class=\"e-font-icon-svg e-far-window-minimize\" viewBox=\"0 0 512 512\" xmlns=\"http:\/\/www.w3.org\/2000\/svg\"><path d=\"M480 480H32c-17.7 0-32-14.3-32-32s14.3-32 32-32h448c17.7 0 32 14.3 32 32s-14.3 32-32 32z\"><\/path><\/svg>\t\t\t\t\t\t<\/span>\n\t\t\t\t\t\t\t\t\t\t<span class=\"elementor-icon-list-text\"><b>R\u00f3\u017cnorodnie<\/b> \u2013 Oferujemy kompleksowe doradztwo we wszystkich obszarach prawa gospodarczego.<\/span>\n\t\t\t\t\t\t\t\t\t<\/li>\n\t\t\t\t\t\t\t\t<li class=\"elementor-icon-list-item\">\n\t\t\t\t\t\t\t\t\t\t\t<span class=\"elementor-icon-list-icon\">\n\t\t\t\t\t\t\t<svg aria-hidden=\"true\" class=\"e-font-icon-svg e-far-window-minimize\" viewBox=\"0 0 512 512\" xmlns=\"http:\/\/www.w3.org\/2000\/svg\"><path d=\"M480 480H32c-17.7 0-32-14.3-32-32s14.3-32 32-32h448c17.7 0 32 14.3 32 32s-14.3 32-32 32z\"><\/path><\/svg>\t\t\t\t\t\t<\/span>\n\t\t\t\t\t\t\t\t\t\t<span class=\"elementor-icon-list-text\"><b>Z sieci\u0105 <\/b>kontakt\u00f3w \u2013 Posiadamy mi\u0119dzynarodow\u0105 sie\u0107 kontakt\u00f3w, od wielu lat blisko wsp\u00f3\u0142pracujemy z ekspertami z wielu kraj\u00f3w.<\/span>\n\t\t\t\t\t\t\t\t\t<\/li>\n\t\t\t\t\t\t\t\t<li class=\"elementor-icon-list-item\">\n\t\t\t\t\t\t\t\t\t\t\t<span class=\"elementor-icon-list-icon\">\n\t\t\t\t\t\t\t<svg aria-hidden=\"true\" class=\"e-font-icon-svg e-far-window-minimize\" viewBox=\"0 0 512 512\" xmlns=\"http:\/\/www.w3.org\/2000\/svg\"><path d=\"M480 480H32c-17.7 0-32-14.3-32-32s14.3-32 32-32h448c17.7 0 32 14.3 32 32s-14.3 32-32 32z\"><\/path><\/svg>\t\t\t\t\t\t<\/span>\n\t\t\t\t\t\t\t\t\t\t<span class=\"elementor-icon-list-text\">Z <b>uznaniem<\/b> \u2013 Otrzymane wyr\u00f3\u017cnienia oraz klasyfikacja w rankingach regularnie potwierdzaj\u0105, \u017ce Klienci doceniaj\u0105 nasz\u0105 prac\u0119. W roku 2018 zostali\u015bmy nominowani do nagrody JUVE Award w kategorii Kancelaria Roku dla \u015brednich przedsi\u0119biorstw.<br><br>  <\/span>\n\t\t\t\t\t\t\t\t\t<\/li>\n\t\t\t\t\t\t<\/ul>\n\t\t\t\t\t\t<\/div>\n\t\t\t\t<\/div>\n\t\t\t\t\t<\/div>\n\t\t\t\t<\/div>\n\t\t\t\t<\/div>\n\t\t<div class=\"elementor-element elementor-element-88e2ec1 e-flex e-con-boxed e-con e-parent\" data-id=\"88e2ec1\" data-element_type=\"container\" data-e-type=\"container\" data-settings=\"{&quot;background_background&quot;:&quot;classic&quot;}\">\n\t\t\t\t\t<div class=\"e-con-inner\">\n\t\t<div class=\"elementor-element elementor-element-1186391 e-flex e-con-boxed e-con e-child\" data-id=\"1186391\" data-element_type=\"container\" data-e-type=\"container\">\n\t\t\t\t\t<div class=\"e-con-inner\">\n\t\t<div class=\"elementor-element elementor-element-71bf7ef e-con-full e-flex e-con e-child\" data-id=\"71bf7ef\" data-element_type=\"container\" data-e-type=\"container\">\n\t\t\t\t<div class=\"elementor-element elementor-element-14b4520b elementor-widget__width-initial elementor-widget-divider--view-line elementor-invisible elementor-widget elementor-widget-divider\" data-id=\"14b4520b\" data-element_type=\"widget\" data-e-type=\"widget\" data-settings=\"{&quot;_animation&quot;:&quot;slideInLeft&quot;}\" data-widget_type=\"divider.default\">\n\t\t\t\t\t\t\t<div class=\"elementor-divider\">\n\t\t\t<span class=\"elementor-divider-separator\">\n\t\t\t\t\t\t<\/span>\n\t\t<\/div>\n\t\t\t\t\t\t<\/div>\n\t\t\t\t<div class=\"elementor-element elementor-element-2e7622b6 elementor-widget elementor-widget-heading\" data-id=\"2e7622b6\" data-element_type=\"widget\" data-e-type=\"widget\" data-widget_type=\"heading.default\">\n\t\t\t\t\t<h2 class=\"elementor-heading-title elementor-size-default\">Team TIGGES <\/h2>\t\t\t\t<\/div>\n\t\t\t\t<\/div>\n\t\t<div class=\"elementor-element elementor-element-64fa98a1 e-con-full e-flex e-con e-child\" data-id=\"64fa98a1\" data-element_type=\"container\" data-e-type=\"container\">\n\t\t\t\t<div class=\"elementor-element elementor-element-7497f3ed elementor-widget elementor-widget-text-editor\" data-id=\"7497f3ed\" data-element_type=\"widget\" data-e-type=\"widget\" data-widget_type=\"text-editor.default\">\n\t\t\t\t\t\t\t\t\t<p>Wiele kancelarii posiada w swoim gronie dobrze wykszta\u0142conych prawnik\u00f3w \u2013 my r\u00f3wnie\u017c. To co nas wyr\u00f3\u017cnia, to nasz zesp\u00f3\u0142. <\/p>\t\t\t\t\t\t\t\t<\/div>\n\t\t\t\t<div class=\"elementor-element elementor-element-c6a325e elementor-icon-list--layout-traditional elementor-list-item-link-full_width elementor-widget elementor-widget-icon-list\" data-id=\"c6a325e\" data-element_type=\"widget\" data-e-type=\"widget\" data-widget_type=\"icon-list.default\">\n\t\t\t\t\t\t\t<ul class=\"elementor-icon-list-items\">\n\t\t\t\t\t\t\t<li class=\"elementor-icon-list-item\">\n\t\t\t\t\t\t\t\t\t\t\t<span class=\"elementor-icon-list-icon\">\n\t\t\t\t\t\t\t<svg aria-hidden=\"true\" class=\"e-font-icon-svg e-far-window-minimize\" viewBox=\"0 0 512 512\" xmlns=\"http:\/\/www.w3.org\/2000\/svg\"><path d=\"M480 480H32c-17.7 0-32-14.3-32-32s14.3-32 32-32h448c17.7 0 32 14.3 32 32s-14.3 32-32 32z\"><\/path><\/svg>\t\t\t\t\t\t<\/span>\n\t\t\t\t\t\t\t\t\t\t<span class=\"elementor-icon-list-text\"><b>Kompetentnie<\/b> \u2013 Przywi\u0105zujemy du\u017c\u0105 wag\u0119 do profesjonalizmu i stale podnosimy nasze kompetencje. Nasi prawnicy reprezentuj\u0105 szeroki zakres specjalizacji i s\u0105 mistrzami swojego fachu. Nie jeste\u015bmy jednak skr\u0119powani nasz\u0105 wiedz\u0105, w doradztwie wychodzimy poza horyzont.<br>  <\/span>\n\t\t\t\t\t\t\t\t\t<\/li>\n\t\t\t\t\t\t\t\t<li class=\"elementor-icon-list-item\">\n\t\t\t\t\t\t\t\t\t\t\t<span class=\"elementor-icon-list-icon\">\n\t\t\t\t\t\t\t<svg aria-hidden=\"true\" class=\"e-font-icon-svg e-far-window-minimize\" viewBox=\"0 0 512 512\" xmlns=\"http:\/\/www.w3.org\/2000\/svg\"><path d=\"M480 480H32c-17.7 0-32-14.3-32-32s14.3-32 32-32h448c17.7 0 32 14.3 32 32s-14.3 32-32 32z\"><\/path><\/svg>\t\t\t\t\t\t<\/span>\n\t\t\t\t\t\t\t\t\t\t<span class=\"elementor-icon-list-text\"><b>Zespo\u0142owo<\/b> \u2013 Jeste\u015bmy zespo\u0142em, ka\u017cdy wnosi sw\u00f3j wk\u0142ad. \u015acis\u0142a wsp\u00f3\u0142praca jest dla nas wa\u017cna \u2013 z korzy\u015bci\u0105 dla naszych klient\u00f3w.<br> <\/span>\n\t\t\t\t\t\t\t\t\t<\/li>\n\t\t\t\t\t\t\t\t<li class=\"elementor-icon-list-item\">\n\t\t\t\t\t\t\t\t\t\t\t<span class=\"elementor-icon-list-icon\">\n\t\t\t\t\t\t\t<svg aria-hidden=\"true\" class=\"e-font-icon-svg e-far-window-minimize\" viewBox=\"0 0 512 512\" xmlns=\"http:\/\/www.w3.org\/2000\/svg\"><path d=\"M480 480H32c-17.7 0-32-14.3-32-32s14.3-32 32-32h448c17.7 0 32 14.3 32 32s-14.3 32-32 32z\"><\/path><\/svg>\t\t\t\t\t\t<\/span>\n\t\t\t\t\t\t\t\t\t\t<span class=\"elementor-icon-list-text\"><b>Kreatywnie<\/b> \u2013 W tworzonych przez nas zespo\u0142ach gromadzimy know-how dla problem\u00f3w, bran\u017c i doradztwa przysz\u0142o\u015bci.<\/span>\n\t\t\t\t\t\t\t\t\t<\/li>\n\t\t\t\t\t\t<\/ul>\n\t\t\t\t\t\t<\/div>\n\t\t\t\t<\/div>\n\t\t\t\t\t<\/div>\n\t\t\t\t<\/div>\n\t\t<div class=\"elementor-element elementor-element-42c7cc61 e-flex e-con-boxed e-con e-child\" data-id=\"42c7cc61\" data-element_type=\"container\" data-e-type=\"container\">\n\t\t\t\t\t<div class=\"e-con-inner\">\n\t\t\t\t<div class=\"elementor-element elementor-element-4c7d0f56 elementor-widget elementor-widget-image\" data-id=\"4c7d0f56\" data-element_type=\"widget\" data-e-type=\"widget\" data-widget_type=\"image.default\">\n\t\t\t\t\t\t\t\t\t\t\t\t\t\t\t<img decoding=\"async\" width=\"800\" height=\"800\" src=\"https:\/\/tigges.legal\/wp-content\/uploads\/2026\/02\/kanzlei-3-frauen-kachel.webp\" class=\"attachment-large size-large wp-image-6309\" alt=\"\" srcset=\"https:\/\/tigges.legal\/wp-content\/uploads\/2026\/02\/kanzlei-3-frauen-kachel.webp 810w, https:\/\/tigges.legal\/wp-content\/uploads\/2026\/02\/kanzlei-3-frauen-kachel-300x300.webp 300w, https:\/\/tigges.legal\/wp-content\/uploads\/2026\/02\/kanzlei-3-frauen-kachel-150x150.webp 150w, https:\/\/tigges.legal\/wp-content\/uploads\/2026\/02\/kanzlei-3-frauen-kachel-768x768.webp 768w\" sizes=\"(max-width: 800px) 100vw, 800px\" \/>\t\t\t\t\t\t\t\t\t\t\t\t\t\t\t<\/div>\n\t\t\t\t\t<\/div>\n\t\t\t\t<\/div>\n\t\t\t\t\t<\/div>\n\t\t\t\t<\/div>\n\t\t<div class=\"elementor-element elementor-element-68964fa8 e-flex e-con-boxed e-con e-parent\" data-id=\"68964fa8\" data-element_type=\"container\" data-e-type=\"container\" data-settings=\"{&quot;background_background&quot;:&quot;classic&quot;}\">\n\t\t\t\t\t<div class=\"e-con-inner\">\n\t\t<div class=\"elementor-element elementor-element-32dea864 e-flex e-con-boxed e-con e-child\" data-id=\"32dea864\" data-element_type=\"container\" data-e-type=\"container\">\n\t\t\t\t\t<div class=\"e-con-inner\">\n\t\t\t\t<div class=\"elementor-element elementor-element-7473c88f elementor-widget elementor-widget-image\" data-id=\"7473c88f\" data-element_type=\"widget\" data-e-type=\"widget\" data-widget_type=\"image.default\">\n\t\t\t\t\t\t\t\t\t\t\t\t\t\t\t<img decoding=\"async\" width=\"800\" height=\"800\" src=\"https:\/\/tigges.legal\/wp-content\/uploads\/2025\/09\/13-Themen-Loesungen-1024x1024.jpg\" class=\"attachment-large size-large wp-image-5921\" alt=\"\" srcset=\"https:\/\/tigges.legal\/wp-content\/uploads\/2025\/09\/13-Themen-Loesungen-1024x1024.jpg 1024w, https:\/\/tigges.legal\/wp-content\/uploads\/2025\/09\/13-Themen-Loesungen-300x300.jpg 300w, https:\/\/tigges.legal\/wp-content\/uploads\/2025\/09\/13-Themen-Loesungen-150x150.jpg 150w, https:\/\/tigges.legal\/wp-content\/uploads\/2025\/09\/13-Themen-Loesungen-768x768.jpg 768w, https:\/\/tigges.legal\/wp-content\/uploads\/2025\/09\/13-Themen-Loesungen-1536x1536.jpg 1536w, https:\/\/tigges.legal\/wp-content\/uploads\/2025\/09\/13-Themen-Loesungen-2048x2048.jpg 2048w\" sizes=\"(max-width: 800px) 100vw, 800px\" \/>\t\t\t\t\t\t\t\t\t\t\t\t\t\t\t<\/div>\n\t\t\t\t\t<\/div>\n\t\t\t\t<\/div>\n\t\t<div class=\"elementor-element elementor-element-50ad1e62 e-flex e-con-boxed e-con e-child\" data-id=\"50ad1e62\" data-element_type=\"container\" data-e-type=\"container\">\n\t\t\t\t\t<div class=\"e-con-inner\">\n\t\t<div class=\"elementor-element elementor-element-1ab05fe3 e-con-full e-flex e-con e-child\" data-id=\"1ab05fe3\" data-element_type=\"container\" data-e-type=\"container\">\n\t\t<div class=\"elementor-element elementor-element-3a0398c0 e-con-full e-flex e-con e-child\" data-id=\"3a0398c0\" data-element_type=\"container\" data-e-type=\"container\">\n\t\t\t\t<div class=\"elementor-element elementor-element-3ed767bd elementor-widget__width-initial elementor-widget-divider--view-line elementor-invisible elementor-widget elementor-widget-divider\" data-id=\"3ed767bd\" data-element_type=\"widget\" data-e-type=\"widget\" data-settings=\"{&quot;_animation&quot;:&quot;slideInLeft&quot;}\" data-widget_type=\"divider.default\">\n\t\t\t\t\t\t\t<div class=\"elementor-divider\">\n\t\t\t<span class=\"elementor-divider-separator\">\n\t\t\t\t\t\t<\/span>\n\t\t<\/div>\n\t\t\t\t\t\t<\/div>\n\t\t\t\t<div class=\"elementor-element elementor-element-5a8bc6de elementor-widget-mobile__width-initial elementor-widget elementor-widget-heading\" data-id=\"5a8bc6de\" data-element_type=\"widget\" data-e-type=\"widget\" data-widget_type=\"heading.default\">\n\t\t\t\t\t<h2 class=\"elementor-heading-title elementor-size-default\">Klient w centrum zainteresowania<\/h2>\t\t\t\t<\/div>\n\t\t\t\t<\/div>\n\t\t\t\t<div class=\"elementor-element elementor-element-4dd6bf8 elementor-widget elementor-widget-text-editor\" data-id=\"4dd6bf8\" data-element_type=\"widget\" data-e-type=\"widget\" data-widget_type=\"text-editor.default\">\n\t\t\t\t\t\t\t\t\t<p>Relacja klienta i prawnika oparta na wsp\u00f3lnym zaufaniu stanowi podstaw\u0119 skutecznej wsp\u00f3\u0142pracy.<\/p>\t\t\t\t\t\t\t\t<\/div>\n\t\t\t\t<div class=\"elementor-element elementor-element-79c6105 elementor-icon-list--layout-traditional elementor-list-item-link-full_width elementor-widget elementor-widget-icon-list\" data-id=\"79c6105\" data-element_type=\"widget\" data-e-type=\"widget\" data-widget_type=\"icon-list.default\">\n\t\t\t\t\t\t\t<ul class=\"elementor-icon-list-items\">\n\t\t\t\t\t\t\t<li class=\"elementor-icon-list-item\">\n\t\t\t\t\t\t\t\t\t\t\t<span class=\"elementor-icon-list-icon\">\n\t\t\t\t\t\t\t<svg aria-hidden=\"true\" class=\"e-font-icon-svg e-far-window-minimize\" viewBox=\"0 0 512 512\" xmlns=\"http:\/\/www.w3.org\/2000\/svg\"><path d=\"M480 480H32c-17.7 0-32-14.3-32-32s14.3-32 32-32h448c17.7 0 32 14.3 32 32s-14.3 32-32 32z\"><\/path><\/svg>\t\t\t\t\t\t<\/span>\n\t\t\t\t\t\t\t\t\t\t<span class=\"elementor-icon-list-text\"><b>Osobi\u015bcie<\/b> \u2013 przede wszystkim s\u0142uchamy. Dla efektywnej, opartej na zaufaniu wsp\u00f3\u0142pracy jest to tak samo istotne jak wiedza specjalistyczna.<br> <\/span>\n\t\t\t\t\t\t\t\t\t<\/li>\n\t\t\t\t\t\t\t\t<li class=\"elementor-icon-list-item\">\n\t\t\t\t\t\t\t\t\t\t\t<span class=\"elementor-icon-list-icon\">\n\t\t\t\t\t\t\t<svg aria-hidden=\"true\" class=\"e-font-icon-svg e-far-window-minimize\" viewBox=\"0 0 512 512\" xmlns=\"http:\/\/www.w3.org\/2000\/svg\"><path d=\"M480 480H32c-17.7 0-32-14.3-32-32s14.3-32 32-32h448c17.7 0 32 14.3 32 32s-14.3 32-32 32z\"><\/path><\/svg>\t\t\t\t\t\t<\/span>\n\t\t\t\t\t\t\t\t\t\t<span class=\"elementor-icon-list-text\"><b>Pewnie<\/b> \u2013 Naszym klientom dedykujemy sta\u0142e osoby do kontaktu oraz sta\u0142e zespo\u0142y prawnik\u00f3w, doradztwo \u015bwiadczone na poziomie partner\u00f3w jest dla nas oczywisto\u015bci\u0105.<\/span>\n\t\t\t\t\t\t\t\t\t<\/li>\n\t\t\t\t\t\t\t\t<li class=\"elementor-icon-list-item\">\n\t\t\t\t\t\t\t\t\t\t\t<span class=\"elementor-icon-list-icon\">\n\t\t\t\t\t\t\t<svg aria-hidden=\"true\" class=\"e-font-icon-svg e-far-window-minimize\" viewBox=\"0 0 512 512\" xmlns=\"http:\/\/www.w3.org\/2000\/svg\"><path d=\"M480 480H32c-17.7 0-32-14.3-32-32s14.3-32 32-32h448c17.7 0 32 14.3 32 32s-14.3 32-32 32z\"><\/path><\/svg>\t\t\t\t\t\t<\/span>\n\t\t\t\t\t\t\t\t\t\t<span class=\"elementor-icon-list-text\"><b>Z zaanga\u017cowaniem<\/b> \u2013 Popieramy i wspieramy cele naszych klient\u00f3w i z najwi\u0119kszym mo\u017cliwym osobistym zaanga\u017cowaniem realizujemy ich interesy.<br><br><\/span>\n\t\t\t\t\t\t\t\t\t<\/li>\n\t\t\t\t\t\t<\/ul>\n\t\t\t\t\t\t<\/div>\n\t\t\t\t<\/div>\n\t\t\t\t\t<\/div>\n\t\t\t\t<\/div>\n\t\t\t\t\t<\/div>\n\t\t\t\t<\/div>\n\t\t\t\t<\/div>\n\t\t","protected":false},"excerpt":{"rendered":"<p>Beyond Borders, Beyond Expectations. Partner dla\u015brednich przedsi\u0119biorstw Partner dla \u015brednich przedsi\u0119biorstw Oferujemy kompleksowe i precyzyjne doradztwo skierowane dla \u015bredniej wielko\u015bci firm, obejmuj\u0105ce wszystkie istotne aspekty prawne i podatkowe napotykane w codziennej dzia\u0142alno\u015bci. Opracowujemy pragmatyczne, pewne i bezpieczne rozwi\u0105zania oferowane z jednej r\u0119ki. R\u00f3\u017cnorodnie \u2013 Oferujemy kompleksowe doradztwo we wszystkich obszarach prawa gospodarczego. Z sieci\u0105 kontakt\u00f3w [&hellip;]<\/p>\n","protected":false},"author":3,"featured_media":0,"parent":0,"menu_order":0,"comment_status":"closed","ping_status":"closed","template":"","meta":{"_acf_changed":false,"footnotes":""},"class_list":["post-6314","page","type-page","status-publish","hentry"],"acf":[],"_links":{"self":[{"href":"https:\/\/tigges.legal\/pl\/wp-json\/wp\/v2\/pages\/6314","targetHints":{"allow":["GET"]}}],"collection":[{"href":"https:\/\/tigges.legal\/pl\/wp-json\/wp\/v2\/pages"}],"about":[{"href":"https:\/\/tigges.legal\/pl\/wp-json\/wp\/v2\/types\/page"}],"author":[{"embeddable":true,"href":"https:\/\/tigges.legal\/pl\/wp-json\/wp\/v2\/users\/3"}],"replies":[{"embeddable":true,"href":"https:\/\/tigges.legal\/pl\/wp-json\/wp\/v2\/comments?post=6314"}],"version-history":[{"count":0,"href":"https:\/\/tigges.legal\/pl\/wp-json\/wp\/v2\/pages\/6314\/revisions"}],"wp:attachment":[{"href":"https:\/\/tigges.legal\/pl\/wp-json\/wp\/v2\/media?parent=6314"}],"curies":[{"name":"wp","href":"https:\/\/api.w.org\/{rel}","templated":true}]}}