{"id":6352,"date":"2025-10-08T15:11:30","date_gmt":"2025-10-08T13:11:30","guid":{"rendered":"http:\/\/wordpress.p698116.webspaceconfig.de\/zagranica\/"},"modified":"2026-02-25T12:35:06","modified_gmt":"2026-02-25T11:35:06","slug":"zagranica","status":"publish","type":"page","link":"https:\/\/tigges.legal\/pl\/zagranica\/","title":{"rendered":"Zagranica"},"content":{"rendered":"\t\t<div data-elementor-type=\"wp-page\" data-elementor-id=\"6352\" class=\"elementor elementor-6352 elementor-1214\" data-elementor-post-type=\"page\">\n\t\t\t\t<div class=\"elementor-element elementor-element-271b9c1 e-con-full e-flex e-con e-parent\" data-id=\"271b9c1\" data-element_type=\"container\" data-e-type=\"container\" data-settings=\"{&quot;background_background&quot;:&quot;classic&quot;}\">\n\t\t<div class=\"elementor-element elementor-element-4d410819 e-con-full e-flex e-con e-child\" data-id=\"4d410819\" data-element_type=\"container\" data-e-type=\"container\" data-settings=\"{&quot;background_background&quot;:&quot;classic&quot;,&quot;position&quot;:&quot;absolute&quot;}\">\n\t\t\t\t<div class=\"elementor-element elementor-element-7845ae06 elementor-widget__width-initial elementor-widget-divider--view-line elementor-invisible elementor-widget elementor-widget-divider\" data-id=\"7845ae06\" data-element_type=\"widget\" data-e-type=\"widget\" data-settings=\"{&quot;_animation&quot;:&quot;slideInLeft&quot;}\" data-widget_type=\"divider.default\">\n\t\t\t\t\t\t\t<div class=\"elementor-divider\">\n\t\t\t<span class=\"elementor-divider-separator\">\n\t\t\t\t\t\t<\/span>\n\t\t<\/div>\n\t\t\t\t\t\t<\/div>\n\t\t\t\t<div class=\"elementor-element elementor-element-7778f618 elementor-widget-mobile__width-initial elementor-widget elementor-widget-heading\" data-id=\"7778f618\" data-element_type=\"widget\" data-e-type=\"widget\" data-widget_type=\"heading.default\">\n\t\t\t\t\t<h2 class=\"elementor-heading-title elementor-size-default\">ZAGRANICA <\/h2>\t\t\t\t<\/div>\n\t\t\t\t<\/div>\n\t\t\t\t<\/div>\n\t\t<div class=\"elementor-element elementor-element-56578c11 e-con-full e-flex e-con e-parent\" data-id=\"56578c11\" data-element_type=\"container\" data-e-type=\"container\" data-settings=\"{&quot;background_background&quot;:&quot;classic&quot;}\">\n\t\t<div class=\"elementor-element elementor-element-44ad8e6e e-flex e-con-boxed e-con e-child\" data-id=\"44ad8e6e\" data-element_type=\"container\" data-e-type=\"container\" data-settings=\"{&quot;background_background&quot;:&quot;classic&quot;}\">\n\t\t\t\t\t<div class=\"e-con-inner\">\n\t\t<div class=\"elementor-element elementor-element-439044dc e-con-full e-flex e-con e-child\" data-id=\"439044dc\" data-element_type=\"container\" data-e-type=\"container\">\n\t\t\t\t<div class=\"elementor-element elementor-element-64c376db elementor-widget elementor-widget-text-editor\" data-id=\"64c376db\" data-element_type=\"widget\" data-e-type=\"widget\" data-widget_type=\"text-editor.default\">\n\t\t\t\t\t\t\t\t\t<p>Wielu naszych \u2013 g\u0142\u00f3wnie \u015bredniej wielko\u015bci \u2013 klient\u00f3w dzia\u0142a na rynkach mi\u0119dzynarodowych, dlatego zagadnienia transgraniczne nale\u017c\u0105 do naszej codziennej praktyki doradczej. Nasi klienci ceni\u0105 sobie wieloletnie do\u015bwiadczenie naszego zespo\u0142u w zakresie doradztwa mi\u0119dzynarodowego, po\u0142\u0105czone z szerokimi kompetencjami j\u0119zykowymi. Nasz interdyscyplinarny zesp\u00f3\u0142 obejmuje wszystkie istotne dziedziny prawa i obejmuje czterech adwokat\u00f3w posiadaj\u0105cych tytu\u0142 specjalisty w zakresie mi\u0119dzynarodowego prawa gospodarczego.<br>   <\/p><p>Dzi\u0119ki naszym International Desks dla <a href=\"https:\/\/www.tigges.legal\/kompetenzteam-polen.html\">Polski<\/a> i <a href=\"https:\/\/www.tigges.legal\/kompetenzteam-oesterreich.html\">Austrii<\/a> oferujemy szczeg\u00f3ln\u0105 wiedz\u0119 regionaln\u0105 dotycz\u0105c\u0105 tych dw\u00f3ch kraj\u00f3w, kt\u00f3re utrzymuj\u0105 \u015bcis\u0142e powi\u0105zania gospodarcze z Niemcami.<\/p><p>Posiadamy r\u00f3wnie\u017c bogate do\u015bwiadczenie w doradztwie dotycz\u0105cym innych rynk\u00f3w \u2013 w szczeg\u00f3lno\u015bci Turcji, <strong>Francji<\/strong> oraz <strong>kraj\u00f3w frankofo\u0144skich Afryki<\/strong>. R\u00f3wnie\u017c w tych regionach wspieramy przedsi\u0119biorstwa w ich transgranicznej dzia\u0142alno\u015bci \u2013 zapewniaj\u0105c wiedz\u0119 prawn\u0105, mi\u0119dzykulturowe zrozumienie i odpowiednie kompetencje j\u0119zykowe. <\/p><p>Dzi\u0119ki silnej sieci partner\u00f3w na ca\u0142ym \u015bwiecie towarzyszymy naszym klientom niezale\u017cnie od tego, gdzie prowadzi ich dzia\u0142alno\u015b\u0107. Jako aktywny cz\u0142onek wiod\u0105cych mi\u0119dzynarodowych sieci umo\u017cliwiamy p\u0142ynn\u0105 wsp\u00f3\u0142prac\u0119 transgraniczn\u0105. <\/p><p>Nasze mi\u0119dzynarodowe kompetencje s\u0105 regularnie potwierdzane przez wyr\u00f3\u017cnienia i rankingi, takie jak <strong>Legal 500<\/strong> czy <strong>Best Lawyers<\/strong>.<br><\/p>\t\t\t\t\t\t\t\t<\/div>\n\t\t<div class=\"elementor-element elementor-element-31baf533 e-con-full e-flex e-con e-child\" data-id=\"31baf533\" data-element_type=\"container\" data-e-type=\"container\">\n\t\t\t\t<div class=\"elementor-element elementor-element-27e1e8c elementor-widget elementor-widget-image\" data-id=\"27e1e8c\" data-element_type=\"widget\" data-e-type=\"widget\" data-widget_type=\"image.default\">\n\t\t\t\t\t\t\t\t\t\t\t\t\t\t\t\t<a href=\"https:\/\/icl-alliance.com\/\">\n\t\t\t\t\t\t\t<img fetchpriority=\"high\" decoding=\"async\" width=\"800\" height=\"883\" src=\"https:\/\/tigges.legal\/wp-content\/uploads\/2025\/10\/14-defuhrendekanzlei2025.webp\" class=\"attachment-large size-large wp-image-6045\" alt=\"Legal 500 2025\" \/>\t\t\t\t\t\t\t\t<\/a>\n\t\t\t\t\t\t\t\t\t\t\t\t\t\t\t<\/div>\n\t\t\t\t<div class=\"elementor-element elementor-element-8f4b8e4 elementor-widget elementor-widget-image\" data-id=\"8f4b8e4\" data-element_type=\"widget\" data-e-type=\"widget\" data-widget_type=\"image.default\">\n\t\t\t\t\t\t\t\t\t\t\t\t\t\t\t<img decoding=\"async\" width=\"800\" height=\"242\" src=\"https:\/\/tigges.legal\/wp-content\/uploads\/2026\/02\/14-183460-tigges-1024x310.jpg\" class=\"attachment-large size-large wp-image-6345\" alt=\"Best Lawyers 2025\" srcset=\"https:\/\/tigges.legal\/wp-content\/uploads\/2026\/02\/14-183460-tigges-1024x310.jpg 1024w, https:\/\/tigges.legal\/wp-content\/uploads\/2026\/02\/14-183460-tigges-300x91.jpg 300w, https:\/\/tigges.legal\/wp-content\/uploads\/2026\/02\/14-183460-tigges-768x232.jpg 768w, https:\/\/tigges.legal\/wp-content\/uploads\/2026\/02\/14-183460-tigges.jpg 1363w\" sizes=\"(max-width: 800px) 100vw, 800px\" \/>\t\t\t\t\t\t\t\t\t\t\t\t\t\t\t<\/div>\n\t\t\t\t<\/div>\n\t\t\t\t<\/div>\n\t\t\t\t\t<\/div>\n\t\t\t\t<\/div>\n\t\t\t\t<\/div>\n\t\t<div class=\"elementor-element elementor-element-88425cb e-flex e-con-boxed e-con e-parent\" data-id=\"88425cb\" data-element_type=\"container\" data-e-type=\"container\" data-settings=\"{&quot;background_background&quot;:&quot;classic&quot;}\">\n\t\t\t\t\t<div class=\"e-con-inner\">\n\t\t<div class=\"elementor-element elementor-element-afd4883 e-flex e-con-boxed e-con e-child\" data-id=\"afd4883\" data-element_type=\"container\" data-e-type=\"container\">\n\t\t\t\t\t<div class=\"e-con-inner\">\n\t\t<div class=\"elementor-element elementor-element-8ae08e3 e-con-full e-flex e-con e-child\" data-id=\"8ae08e3\" data-element_type=\"container\" data-e-type=\"container\">\n\t\t\t\t<div class=\"elementor-element elementor-element-bbf2dad elementor-widget__width-initial elementor-widget-divider--view-line elementor-invisible elementor-widget elementor-widget-divider\" data-id=\"bbf2dad\" data-element_type=\"widget\" data-e-type=\"widget\" data-settings=\"{&quot;_animation&quot;:&quot;slideInLeft&quot;}\" data-widget_type=\"divider.default\">\n\t\t\t\t\t\t\t<div class=\"elementor-divider\">\n\t\t\t<span class=\"elementor-divider-separator\">\n\t\t\t\t\t\t<\/span>\n\t\t<\/div>\n\t\t\t\t\t\t<\/div>\n\t\t\t\t<div class=\"elementor-element elementor-element-101df76 elementor-widget elementor-widget-heading\" data-id=\"101df76\" data-element_type=\"widget\" data-e-type=\"widget\" data-widget_type=\"heading.default\">\n\t\t\t\t\t<h2 class=\"elementor-heading-title elementor-size-default\">POLISH DESK<\/h2>\t\t\t\t<\/div>\n\t\t\t\t<\/div>\n\t\t<div class=\"elementor-element elementor-element-c85ee2f e-con-full e-flex e-con e-child\" data-id=\"c85ee2f\" data-element_type=\"container\" data-e-type=\"container\">\n\t\t\t\t<div class=\"elementor-element elementor-element-ef8535f elementor-widget elementor-widget-text-editor\" data-id=\"ef8535f\" data-element_type=\"widget\" data-e-type=\"widget\" data-widget_type=\"text-editor.default\">\n\t\t\t\t\t\t\t\t\tOd ponad 30 lat jedn\u0105 z g\u0142\u00f3wnych dziedzin naszej mi\u0119dzynarodowej dzia\u0142alno\u015bci jest doradztwo przy transakcjach kapita\u0142owych, inwestycyjnych i handlowych posiadaj\u0105cych bezpo\u015bredni zwi\u0105zek z Polsk\u0105.<br>\t\t\t\t\t\t\t\t<\/div>\n\t\t\t\t<div class=\"elementor-element elementor-element-553b467 tigges-link elementor-widget elementor-widget-button\" data-id=\"553b467\" data-element_type=\"widget\" data-e-type=\"widget\" data-widget_type=\"button.default\">\n\t\t\t\t\t\t\t\t\t\t<a class=\"elementor-button elementor-button-link elementor-size-sm\" href=\"https:\/\/tigges.legal\/pl\/polish-desk\/\">\n\t\t\t\t\t\t<span class=\"elementor-button-content-wrapper\">\n\t\t\t\t\t\t\t\t\t<span class=\"elementor-button-text\">Wi\u0119cej<\/span>\n\t\t\t\t\t<\/span>\n\t\t\t\t\t<\/a>\n\t\t\t\t\t\t\t\t<\/div>\n\t\t\t\t<\/div>\n\t\t\t\t\t<\/div>\n\t\t\t\t<\/div>\n\t\t<div class=\"elementor-element elementor-element-9bdd79f e-flex e-con-boxed e-con e-child\" data-id=\"9bdd79f\" data-element_type=\"container\" data-e-type=\"container\">\n\t\t\t\t\t<div class=\"e-con-inner\">\n\t\t\t\t<div class=\"elementor-element elementor-element-a6de6c6 elementor-widget elementor-widget-image\" data-id=\"a6de6c6\" data-element_type=\"widget\" data-e-type=\"widget\" data-widget_type=\"image.default\">\n\t\t\t\t\t\t\t\t\t\t\t\t\t\t\t<img decoding=\"async\" width=\"810\" height=\"810\" src=\"https:\/\/tigges.legal\/wp-content\/uploads\/2026\/02\/Polish_Desk_quadr.webp\" class=\"attachment-full size-full wp-image-6346\" alt=\"\" srcset=\"https:\/\/tigges.legal\/wp-content\/uploads\/2026\/02\/Polish_Desk_quadr.webp 810w, https:\/\/tigges.legal\/wp-content\/uploads\/2026\/02\/Polish_Desk_quadr-300x300.webp 300w, https:\/\/tigges.legal\/wp-content\/uploads\/2026\/02\/Polish_Desk_quadr-150x150.webp 150w, https:\/\/tigges.legal\/wp-content\/uploads\/2026\/02\/Polish_Desk_quadr-768x768.webp 768w\" sizes=\"(max-width: 810px) 100vw, 810px\" \/>\t\t\t\t\t\t\t\t\t\t\t\t\t\t\t<\/div>\n\t\t\t\t\t<\/div>\n\t\t\t\t<\/div>\n\t\t\t\t\t<\/div>\n\t\t\t\t<\/div>\n\t\t<div class=\"elementor-element elementor-element-f0e05c5 e-flex e-con-boxed e-con e-parent\" data-id=\"f0e05c5\" data-element_type=\"container\" data-e-type=\"container\" data-settings=\"{&quot;background_background&quot;:&quot;classic&quot;}\">\n\t\t\t\t\t<div class=\"e-con-inner\">\n\t\t<div class=\"elementor-element elementor-element-74629d1 e-flex e-con-boxed e-con e-child\" data-id=\"74629d1\" data-element_type=\"container\" data-e-type=\"container\">\n\t\t\t\t\t<div class=\"e-con-inner\">\n\t\t\t\t<div class=\"elementor-element elementor-element-70857cf elementor-widget-mobile_extra__width-initial elementor-widget elementor-widget-image\" data-id=\"70857cf\" data-element_type=\"widget\" data-e-type=\"widget\" data-widget_type=\"image.default\">\n\t\t\t\t\t\t\t\t\t\t\t\t\t\t\t<img loading=\"lazy\" decoding=\"async\" width=\"800\" height=\"800\" src=\"https:\/\/tigges.legal\/wp-content\/uploads\/2026\/02\/Kompetenz_Oesterreich_quadr-1024x1024.webp\" class=\"attachment-large size-large wp-image-6347\" alt=\"\" srcset=\"https:\/\/tigges.legal\/wp-content\/uploads\/2026\/02\/Kompetenz_Oesterreich_quadr-1024x1024.webp 1024w, https:\/\/tigges.legal\/wp-content\/uploads\/2026\/02\/Kompetenz_Oesterreich_quadr-300x300.webp 300w, https:\/\/tigges.legal\/wp-content\/uploads\/2026\/02\/Kompetenz_Oesterreich_quadr-150x150.webp 150w, https:\/\/tigges.legal\/wp-content\/uploads\/2026\/02\/Kompetenz_Oesterreich_quadr-768x768.webp 768w, https:\/\/tigges.legal\/wp-content\/uploads\/2026\/02\/Kompetenz_Oesterreich_quadr-1536x1536.webp 1536w, https:\/\/tigges.legal\/wp-content\/uploads\/2026\/02\/Kompetenz_Oesterreich_quadr-2048x2048.webp 2048w\" sizes=\"(max-width: 800px) 100vw, 800px\" \/>\t\t\t\t\t\t\t\t\t\t\t\t\t\t\t<\/div>\n\t\t\t\t\t<\/div>\n\t\t\t\t<\/div>\n\t\t<div class=\"elementor-element elementor-element-6d803c3 e-flex e-con-boxed e-con e-child\" data-id=\"6d803c3\" data-element_type=\"container\" data-e-type=\"container\">\n\t\t\t\t\t<div class=\"e-con-inner\">\n\t\t<div class=\"elementor-element elementor-element-64b72df e-con-full e-flex e-con e-child\" data-id=\"64b72df\" data-element_type=\"container\" data-e-type=\"container\">\n\t\t<div class=\"elementor-element elementor-element-ce82ffd e-con-full e-flex e-con e-child\" data-id=\"ce82ffd\" data-element_type=\"container\" data-e-type=\"container\">\n\t\t\t\t<div class=\"elementor-element elementor-element-4bff953 elementor-widget__width-initial elementor-widget-divider--view-line elementor-invisible elementor-widget elementor-widget-divider\" data-id=\"4bff953\" data-element_type=\"widget\" data-e-type=\"widget\" data-settings=\"{&quot;_animation&quot;:&quot;slideInLeft&quot;}\" data-widget_type=\"divider.default\">\n\t\t\t\t\t\t\t<div class=\"elementor-divider\">\n\t\t\t<span class=\"elementor-divider-separator\">\n\t\t\t\t\t\t<\/span>\n\t\t<\/div>\n\t\t\t\t\t\t<\/div>\n\t\t\t\t<div class=\"elementor-element elementor-element-5315967 elementor-widget-mobile__width-initial elementor-widget elementor-widget-heading\" data-id=\"5315967\" data-element_type=\"widget\" data-e-type=\"widget\" data-widget_type=\"heading.default\">\n\t\t\t\t\t<h2 class=\"elementor-heading-title elementor-size-default\">Austrian desk<\/h2>\t\t\t\t<\/div>\n\t\t\t\t<\/div>\n\t\t\t\t<div class=\"elementor-element elementor-element-7e8c720 elementor-widget elementor-widget-text-editor\" data-id=\"7e8c720\" data-element_type=\"widget\" data-e-type=\"widget\" data-widget_type=\"text-editor.default\">\n\t\t\t\t\t\t\t\t\t<p>Opr\u00f3cz blisko\u015bci geograficznej, Niemcy i Austri\u0119 \u0142\u0105czy nie tylko j\u0119zyk i kultura, ale tak\u017ce intensywne stosunki gospodarcze. Nasz wyspecjalizowany zesp\u00f3\u0142 ekspert\u00f3w zapewnia kompleksowe doradztwo w tym zakresie.<br> <\/p>\t\t\t\t\t\t\t\t<\/div>\n\t\t\t\t<div class=\"elementor-element elementor-element-ecb806f tigges-link-black elementor-widget elementor-widget-button\" data-id=\"ecb806f\" data-element_type=\"widget\" data-e-type=\"widget\" data-widget_type=\"button.default\">\n\t\t\t\t\t\t\t\t\t\t<a class=\"elementor-button elementor-button-link elementor-size-sm\" href=\"https:\/\/tigges.legal\/pl\/kompetencje-austria\/\">\n\t\t\t\t\t\t<span class=\"elementor-button-content-wrapper\">\n\t\t\t\t\t\t\t\t\t<span class=\"elementor-button-text\">Wi\u0119cej<\/span>\n\t\t\t\t\t<\/span>\n\t\t\t\t\t<\/a>\n\t\t\t\t\t\t\t\t<\/div>\n\t\t\t\t<\/div>\n\t\t\t\t\t<\/div>\n\t\t\t\t<\/div>\n\t\t\t\t\t<\/div>\n\t\t\t\t<\/div>\n\t\t<div class=\"elementor-element elementor-element-d97c13a e-flex e-con-boxed e-con e-child\" data-id=\"d97c13a\" data-element_type=\"container\" data-e-type=\"container\">\n\t\t\t\t\t<div class=\"e-con-inner\">\n\t\t<div class=\"elementor-element elementor-element-bb8762b e-con-full e-flex e-con e-child\" data-id=\"bb8762b\" data-element_type=\"container\" data-e-type=\"container\">\n\t\t\t\t<div class=\"elementor-element elementor-element-fbf51bd elementor-widget__width-initial elementor-widget-divider--view-line elementor-invisible elementor-widget elementor-widget-divider\" data-id=\"fbf51bd\" data-element_type=\"widget\" data-e-type=\"widget\" data-settings=\"{&quot;_animation&quot;:&quot;slideInLeft&quot;}\" data-widget_type=\"divider.default\">\n\t\t\t\t\t\t\t<div class=\"elementor-divider\">\n\t\t\t<span class=\"elementor-divider-separator\">\n\t\t\t\t\t\t<\/span>\n\t\t<\/div>\n\t\t\t\t\t\t<\/div>\n\t\t\t\t<div class=\"elementor-element elementor-element-de28051 elementor-widget elementor-widget-heading\" data-id=\"de28051\" data-element_type=\"widget\" data-e-type=\"widget\" data-widget_type=\"heading.default\">\n\t\t\t\t\t<h2 class=\"elementor-heading-title elementor-size-default\">sie\u0107<\/h2>\t\t\t\t<\/div>\n\t\t\t\t<\/div>\n\t\t<div class=\"elementor-element elementor-element-d015bf2 e-con-full e-flex e-con e-child\" data-id=\"d015bf2\" data-element_type=\"container\" data-e-type=\"container\">\n\t\t\t\t<div class=\"elementor-element elementor-element-8b50359 elementor-widget elementor-widget-image\" data-id=\"8b50359\" data-element_type=\"widget\" data-e-type=\"widget\" data-widget_type=\"image.default\">\n\t\t\t\t\t\t\t\t\t\t\t\t\t\t\t\t<a href=\"https:\/\/icl-alliance.com\/\">\n\t\t\t\t\t\t\t<img loading=\"lazy\" decoding=\"async\" width=\"800\" height=\"355\" src=\"https:\/\/tigges.legal\/wp-content\/uploads\/2026\/01\/14-ICLA-full-logo-Black-1024x455.png\" class=\"attachment-large size-large wp-image-6335\" alt=\"ICLA\" srcset=\"https:\/\/tigges.legal\/wp-content\/uploads\/2026\/01\/14-ICLA-full-logo-Black-1024x455.png 1024w, https:\/\/tigges.legal\/wp-content\/uploads\/2026\/01\/14-ICLA-full-logo-Black-300x133.png 300w, https:\/\/tigges.legal\/wp-content\/uploads\/2026\/01\/14-ICLA-full-logo-Black-768x341.png 768w, https:\/\/tigges.legal\/wp-content\/uploads\/2026\/01\/14-ICLA-full-logo-Black.png 1500w\" sizes=\"(max-width: 800px) 100vw, 800px\" \/>\t\t\t\t\t\t\t\t<\/a>\n\t\t\t\t\t\t\t\t\t\t\t\t\t\t\t<\/div>\n\t\t\t\t<div class=\"elementor-element elementor-element-6570508 elementor-widget elementor-widget-image\" data-id=\"6570508\" data-element_type=\"widget\" data-e-type=\"widget\" data-widget_type=\"image.default\">\n\t\t\t\t\t\t\t\t\t\t\t\t\t\t\t\t<a href=\"https:\/\/www.dach-ra.de\/de\/\">\n\t\t\t\t\t\t\t<img loading=\"lazy\" decoding=\"async\" width=\"800\" height=\"238\" src=\"https:\/\/tigges.legal\/wp-content\/uploads\/2026\/01\/13-DACH-LOGO-1024x305.png\" class=\"attachment-large size-large wp-image-6348\" alt=\"\" srcset=\"https:\/\/tigges.legal\/wp-content\/uploads\/2026\/01\/13-DACH-LOGO-1024x305.png 1024w, https:\/\/tigges.legal\/wp-content\/uploads\/2026\/01\/13-DACH-LOGO-300x89.png 300w, https:\/\/tigges.legal\/wp-content\/uploads\/2026\/01\/13-DACH-LOGO-768x229.png 768w, https:\/\/tigges.legal\/wp-content\/uploads\/2026\/01\/13-DACH-LOGO-1536x458.png 1536w, https:\/\/tigges.legal\/wp-content\/uploads\/2026\/01\/13-DACH-LOGO.png 1899w\" sizes=\"(max-width: 800px) 100vw, 800px\" \/>\t\t\t\t\t\t\t\t<\/a>\n\t\t\t\t\t\t\t\t\t\t\t\t\t\t\t<\/div>\n\t\t\t\t<div class=\"elementor-element elementor-element-81b4635 elementor-widget elementor-widget-image\" data-id=\"81b4635\" data-element_type=\"widget\" data-e-type=\"widget\" data-widget_type=\"image.default\">\n\t\t\t\t\t\t\t\t\t\t\t\t\t\t\t\t<a href=\"https:\/\/www.inta.org\/\">\n\t\t\t\t\t\t\t<img loading=\"lazy\" decoding=\"async\" width=\"600\" height=\"249\" src=\"https:\/\/tigges.legal\/wp-content\/uploads\/2026\/01\/10-inta-logo.jpg\" class=\"attachment-large size-large wp-image-6302\" alt=\"\" srcset=\"https:\/\/tigges.legal\/wp-content\/uploads\/2026\/01\/10-inta-logo.jpg 600w, https:\/\/tigges.legal\/wp-content\/uploads\/2026\/01\/10-inta-logo-300x125.jpg 300w\" sizes=\"(max-width: 600px) 100vw, 600px\" \/>\t\t\t\t\t\t\t\t<\/a>\n\t\t\t\t\t\t\t\t\t\t\t\t\t\t\t<\/div>\n\t\t\t\t<div class=\"elementor-element elementor-element-d6af028 elementor-widget elementor-widget-image\" data-id=\"d6af028\" data-element_type=\"widget\" data-e-type=\"widget\" data-widget_type=\"image.default\">\n\t\t\t\t\t\t\t\t\t\t\t\t\t\t\t\t<a href=\"https:\/\/ecta.org\/\">\n\t\t\t\t\t\t\t<img loading=\"lazy\" decoding=\"async\" width=\"492\" height=\"148\" src=\"https:\/\/tigges.legal\/wp-content\/uploads\/2026\/01\/10-ecta-trade-mark-logo-large.webp\" class=\"attachment-large size-large wp-image-6303\" alt=\"\" \/>\t\t\t\t\t\t\t\t<\/a>\n\t\t\t\t\t\t\t\t\t\t\t\t\t\t\t<\/div>\n\t\t\t\t<div class=\"elementor-element elementor-element-f86acd4 elementor-widget elementor-widget-image\" data-id=\"f86acd4\" data-element_type=\"widget\" data-e-type=\"widget\" data-widget_type=\"image.default\">\n\t\t\t\t\t\t\t\t\t\t\t\t\t\t\t\t<a href=\"https:\/\/www.aija.org\/\">\n\t\t\t\t\t\t\t<img loading=\"lazy\" decoding=\"async\" width=\"473\" height=\"400\" src=\"https:\/\/tigges.legal\/wp-content\/uploads\/2026\/01\/13-aijaglobetagline-sm.gif\" class=\"attachment-large size-large wp-image-6349\" alt=\"\" \/>\t\t\t\t\t\t\t\t<\/a>\n\t\t\t\t\t\t\t\t\t\t\t\t\t\t\t<\/div>\n\t\t\t\t<\/div>\n\t\t\t\t\t<\/div>\n\t\t\t\t<\/div>\n\t\t\t\t<\/div>\n\t\t","protected":false},"excerpt":{"rendered":"<p>ZAGRANICA Wielu naszych \u2013 g\u0142\u00f3wnie \u015bredniej wielko\u015bci \u2013 klient\u00f3w dzia\u0142a na rynkach mi\u0119dzynarodowych, dlatego zagadnienia transgraniczne nale\u017c\u0105 do naszej codziennej praktyki doradczej. Nasi klienci ceni\u0105 sobie wieloletnie do\u015bwiadczenie naszego zespo\u0142u w zakresie doradztwa mi\u0119dzynarodowego, po\u0142\u0105czone z szerokimi kompetencjami j\u0119zykowymi. Nasz interdyscyplinarny zesp\u00f3\u0142 obejmuje wszystkie istotne dziedziny prawa i obejmuje czterech adwokat\u00f3w posiadaj\u0105cych tytu\u0142 specjalisty w [&hellip;]<\/p>\n","protected":false},"author":3,"featured_media":0,"parent":0,"menu_order":0,"comment_status":"closed","ping_status":"closed","template":"","meta":{"_acf_changed":false,"footnotes":""},"class_list":["post-6352","page","type-page","status-publish","hentry"],"acf":[],"_links":{"self":[{"href":"https:\/\/tigges.legal\/pl\/wp-json\/wp\/v2\/pages\/6352","targetHints":{"allow":["GET"]}}],"collection":[{"href":"https:\/\/tigges.legal\/pl\/wp-json\/wp\/v2\/pages"}],"about":[{"href":"https:\/\/tigges.legal\/pl\/wp-json\/wp\/v2\/types\/page"}],"author":[{"embeddable":true,"href":"https:\/\/tigges.legal\/pl\/wp-json\/wp\/v2\/users\/3"}],"replies":[{"embeddable":true,"href":"https:\/\/tigges.legal\/pl\/wp-json\/wp\/v2\/comments?post=6352"}],"version-history":[{"count":0,"href":"https:\/\/tigges.legal\/pl\/wp-json\/wp\/v2\/pages\/6352\/revisions"}],"wp:attachment":[{"href":"https:\/\/tigges.legal\/pl\/wp-json\/wp\/v2\/media?parent=6352"}],"curies":[{"name":"wp","href":"https:\/\/api.w.org\/{rel}","templated":true}]}}