{"id":6764,"date":"2025-10-08T16:03:37","date_gmt":"2025-10-08T14:03:37","guid":{"rendered":"http:\/\/wordpress.p698116.webspaceconfig.de\/stopka\/"},"modified":"2026-04-07T12:16:59","modified_gmt":"2026-04-07T10:16:59","slug":"stopka","status":"publish","type":"page","link":"https:\/\/tigges.legal\/pl\/stopka\/","title":{"rendered":"Stopka"},"content":{"rendered":"\t\t<div data-elementor-type=\"wp-page\" data-elementor-id=\"6764\" class=\"elementor elementor-6764 elementor-1274\" data-elementor-post-type=\"page\">\n\t\t\t\t<div class=\"elementor-element elementor-element-691a349 e-con-full e-flex e-con e-parent\" data-id=\"691a349\" data-element_type=\"container\" data-e-type=\"container\" data-settings=\"{&quot;background_background&quot;:&quot;classic&quot;}\">\n\t\t<div class=\"elementor-element elementor-element-c09c3b1 e-con-full e-flex e-con e-child\" data-id=\"c09c3b1\" data-element_type=\"container\" data-e-type=\"container\" data-settings=\"{&quot;background_background&quot;:&quot;classic&quot;,&quot;position&quot;:&quot;absolute&quot;}\">\n\t\t\t\t<div class=\"elementor-element elementor-element-8bd5b28 elementor-widget__width-initial elementor-widget-divider--view-line elementor-invisible elementor-widget elementor-widget-divider\" data-id=\"8bd5b28\" data-element_type=\"widget\" data-e-type=\"widget\" data-settings=\"{&quot;_animation&quot;:&quot;slideInLeft&quot;}\" data-widget_type=\"divider.default\">\n\t\t\t\t\t\t\t<div class=\"elementor-divider\">\n\t\t\t<span class=\"elementor-divider-separator\">\n\t\t\t\t\t\t<\/span>\n\t\t<\/div>\n\t\t\t\t\t\t<\/div>\n\t\t\t\t<div class=\"elementor-element elementor-element-3ab73af elementor-widget-mobile__width-initial elementor-widget elementor-widget-heading\" data-id=\"3ab73af\" data-element_type=\"widget\" data-e-type=\"widget\" data-widget_type=\"heading.default\">\n\t\t\t\t\t<h2 class=\"elementor-heading-title elementor-size-default\">Stopka<\/h2>\t\t\t\t<\/div>\n\t\t\t\t<\/div>\n\t\t\t\t<\/div>\n\t\t<div class=\"elementor-element elementor-element-75f1047 e-con-full rechtstext e-flex e-con e-parent\" data-id=\"75f1047\" data-element_type=\"container\" data-e-type=\"container\" data-settings=\"{&quot;background_background&quot;:&quot;classic&quot;}\">\n\t\t<div class=\"elementor-element elementor-element-07f8766 e-flex e-con-boxed e-con e-child\" data-id=\"07f8766\" data-element_type=\"container\" data-e-type=\"container\" data-settings=\"{&quot;background_background&quot;:&quot;classic&quot;}\">\n\t\t\t\t\t<div class=\"e-con-inner\">\n\t\t<div class=\"elementor-element elementor-element-49ba993 e-con-full e-flex e-con e-child\" data-id=\"49ba993\" data-element_type=\"container\" data-e-type=\"container\">\n\t\t\t\t<\/div>\n\t\t\t\t\t<\/div>\n\t\t\t\t<\/div>\n\t\t\t\t<div class=\"elementor-element elementor-element-7606c3c elementor-widget elementor-widget-text-editor\" data-id=\"7606c3c\" data-element_type=\"widget\" data-e-type=\"widget\" data-widget_type=\"text-editor.default\">\n\t\t\t\t\t\t\t\t\t<p>Odpowiedzialno\u015b\u0107 za tre\u015b\u0107 strony zgodnie z \u00a7 5 DDG (Niemiecka ustawa o us\u0142ugach cyfrowych): TIGGES Rechtsanw\u00e4lte Partnerschaft mbB<\/p><h2>Forma prawna i rejestr:<\/h2><p>TIGGES Rechtsanw\u00e4lte Partnerschaft mbB jest sp\u00f3\u0142k\u0105 partnersk\u0105 z ograniczon\u0105 odpowiedzialno\u015bci\u0105 zawodow\u0105 zgodnie z ustaw\u0105 o sp\u00f3\u0142kach partnerskich, wpisan\u0105 do rejestru przedsi\u0119biorc\u00f3w (z numerem PR 1705) S\u0105du Rejonowego w Essen.<\/p><p>Partnerzy Zarz\u0105dzaj\u0105cy:<\/p><p>Tomasz Baron, LL.M.<br \/>Klaus-Peter Langenkamp<br \/>Michael Niermann<br \/>Marius Rosenberg<br \/>Georg Schmidt<br \/>Micaela Schork, LL.M.<br \/>Dr. Dominik Wagner, LL.M., EMBA<\/p><p>Siedziba g\u0142\u00f3wna:<br \/>Zollhof 8<br \/>40221 D\u00fcsseldorf<br \/>Niemcy<br \/>E: info@tigges.legal<br \/>T: +49 211 8787 0<\/p><p>Siedziba w Berlinie:<br \/>Am Kupfergraben 4<br \/>10117 Berlin<\/p><p>Siedziba w Warszawie:<br \/>ul. Grzybowska 87<br \/>00-844 Warszawa<br \/>Polska<\/p><p>Siedziba w Katowicach:<br \/>ul. Wojew\u00f3dzka 10\/3. pi\u0119tro<br \/>40-026 Katowice<br \/>Polska<\/p><p><strong>Numer identyfikacyjny podatku od towar\u00f3w i us\u0142ug<\/strong>: DE 223515043<\/p><p><strong>Uprawnienia zawodowe i w\u0142a\u015bciwe organy nadzorcze:<\/strong><\/p><p><strong>Nasi adwokaci z biura w D\u00fcsseldorfie przynale\u017c\u0105 do Izby Adwokackiej w D\u00fcsseldorfie:<\/strong><\/p><p>Rechtsanwaltskammer D\u00fcsseldorf<br \/>Freiligrathstra\u00dfe 25<br \/>40479 D\u00fcsseldorf<br \/>Telefon: 0211 495020<br \/>Telefax: 0211 4950228<br \/>Internet: <a href=\"http:\/\/www.rechtsanwaltskammer-duesseldorf.de\/\" target=\"_blank\" rel=\"noopener\">http:\/\/www.rechtsanwaltskammer-duesseldorf.de\/<\/a><\/p><p><strong>Nasi adwokaci z biura w Berlinie przynale\u017c\u0105 do Izby Adwokackiej w Berlinie:<\/strong><\/p><p>Rechtsanwaltskammer Berlin<br \/>K\u00f6rperschaft des \u00f6ffentlichen Rechts<br \/>Littenstra\u00dfe 9<br \/>10179 Berlin<br \/>Tel.-Nr.: 030 306931-0<br \/>E-Mail: info@rak-berlin.org<\/p><p><strong>Dr Georg Jaster jest r\u00f3wnie\u017c uprawniony do wykonywania zawodu adwokata w Polsce. Niniejszy tytu\u0142 zawodowy zosta\u0142 uzyskany w Polsce. W\u0142a\u015bciwym organem nadzorczym jest:<\/strong><br \/>Okr\u0119gowa Rada Adwokacka w Katowicach<br \/>ul. Gliwicka nr 17<br \/>40-079 Katowice<br \/>Polen<br \/>Telefon: +48 (32) 259 82 50<br \/>Telefax: +48 (32) 259 66 77<br \/>Internet: https:\/\/adwokatura.katowice.pl\/<\/p><p><strong>Tomasz Baron, LL.M. jest uprawniona do wykonywania zawodu radcy prawnego w Polsce. Niniejszy tytu\u0142 zawodowy zosta\u0142 uzyskany w Polsce. W\u0142a\u015bciwym organem nadzorczym jest:<\/strong><br \/>Okr\u0119gowa Izba Radc\u00f3w Prawnych w Katowicach<br \/>ul. Ko\u015bciuszki 223C<br \/>40-600 Katowice<br \/>Polska<br \/>Telefon: +48 (32) 354 00 42<br \/>E-Mail: biuro@oirp.katowice.pl<br \/>Internet: http:\/\/oirp.katowice.pl\/<\/p><p>Tomasz Baron, LL.M., jest r\u00f3wnie\u017c cz\u0142onkiem Izby Adwokackiej w D\u00fcsseldorfie i posiada uprawnienia do wykonywania zawodu adwokata w Niemczech na mocy ustawy o wykonywaniu zawodu przez adwokat\u00f3w europejskich w Niemczech (EuRAG) z dnia 9 marca 2000 r.<\/p><p><strong>Kamil Twardowski, LL.M. jest uprawniona do wykonywania zawodu adwokata w Polsce. Niniejszy tytu\u0142 zawodowy zosta\u0142 uzyskany w Polsce. W\u0142a\u015bciwym organem nadzorczym jest: <\/strong><\/p><p>Okr\u0119gowa Rada Adwokacka w Krakowie<br \/>ul. Batorego 17<br \/>31-135 Krak\u00f3w<br \/>Polska<br \/>Telefon\/Telefax: +48 (12) 633 57 63<br \/>E-Mail: ora@adwokatura.krakow.pl<br \/>Internet: http:\/\/adwokatura.krakow.pl\/<\/p><p><strong>Ubezpieczenie od odpowiedzialno\u015bci cywilnej z tytu\u0142u wykonywania zawodu:<\/strong><br \/>Ubezpieczenie to zawarte jest z ERGO Versicherung AG, Victoriaplatz 1, 40198 D\u00fcsseldorf. Obejmuje ono ca\u0142y \u015bwiat, o ile ubezpieczona dzia\u0142alno\u015b\u0107 nie jest wykonywana za po\u015brednictwem kancelarii i biur poza granicami Niemiec. Wyj\u0105tek stanowi siedziba w Polsce, gdzie pkt 4.1 za\u0142\u0105cznika F 2009 nie ma zastosowania. Sp\u00f3\u0142ki partnerskie z ograniczon\u0105 odpowiedzialno\u015bci\u0105 zawodow\u0105 zobowi\u0105zane s\u0105 na mocy Federalnej Ustawy o Adwokaturze do utrzymywania ubezpieczenia od odpowiedzialno\u015bci zawodowej na minimaln\u0105 kwot\u0119 ubezpieczenia w wysoko\u015bci 2,5 mln euro z tytu\u0142u ka\u017cdego zdarzenia.<br \/>Zgodnie z Federaln\u0105 Ustaw\u0105 o Adwokaturze, adwokaci zobowi\u0105zani s\u0105 do posiadania ubezpieczenia od odpowiedzialno\u015bci cywilnej z tytu\u0142u wykonywanego zawodu o minimalnej sumie ubezpieczenia wynosz\u0105cej 250 000 euro. Szczeg\u00f3\u0142y wynikaj\u0105 z \u00a7 51 i \u00a7 51a BRAO. Doradcy podatkowi zobowi\u0105zani s\u0105 do posiadania ubezpieczenia od odpowiedzialno\u015bci zawodowej na podstawie Regulaminu Doradcy Podatkowego (cz\u0119\u015b\u0107 2 Ustawy o Doradcach Podatkowych).<\/p><p><strong>Przepisy dotycz\u0105ce wykonywania zawodu:<\/strong><br \/>Adwokat\u00f3w obowi\u0105zuj\u0105 normy dotycz\u0105ce wykonywania zawodu uj\u0119te w nast\u0119puj\u0105cych \u017ar\u00f3d\u0142ach:<\/p><ul><li>Bundesrechtsanwaltsordnung (BRAO)<\/li><li>Berufsordnung f\u00fcr Rechtsanw\u00e4lte (BORA)<\/li><li>Fachanwaltsordnung (FAO)<\/li><li>Rechtsanwaltsverg\u00fctungsgesetz (RVG)<\/li><li>Berufsregeln der Rechtsanw\u00e4lte der Europ\u00e4ischen Union (CCBE)<\/li><\/ul><p>Szczeg\u00f3\u0142owe regulacje dotycz\u0105ce wykonywania zawodu adwokata mo\u017cna obejrze\u0107 na stronie internetowej Federalnej Izby Adwokackiej (www.brak.de) w rubryce &#8222;Berufsrecht&#8221;.<\/p><p><strong>Doradcy podatkowi zobowi\u0105zani s\u0105 przestrzega\u0107 nast\u0119puj\u0105cych wytycznych zawodowych:<\/strong><\/p><ul><li>Steuerberatungsgesetz (StBerG)<\/li><li>Durchf\u00fchrungsverordnung (DVStB)<\/li><li>Steuerberatergeb\u00fchrenverordnung (StBGebV)<\/li><li>Berufsordnung der Bundessteuerberaterkammer<\/li><li>Fachberaterordnung<\/li><\/ul><p>Przepisy dotycz\u0105ce wykonywania zawodu doradcy podatkowego mo\u017cna przejrze\u0107 i pobra\u0107 ze strony internetowej Federalnej Izby Doradc\u00f3w Podatkowych (www.bstbk.de).<\/p><p><strong>Konflikt interes\u00f3w:<\/strong><br \/>Na mocy przepis\u00f3w dotycz\u0105cych wykonywania zawodu adwokata zabronione jest reprezentowanie sprzecznych interes\u00f3w (\u00a7 43a ust. 4 BRAO). Z tego wzgl\u0119du przed przyj\u0119ciem zlecenia u\u017cywane jest specjalne oprogramowania w celu sprawdzenia, czy nie wyst\u0119puje konflikt interes\u00f3w.<\/p><p><strong>Pozas\u0105dowe rozstrzyganie spor\u00f3w (jednocze\u015bnie og\u00f3lny obowi\u0105zek informacyjny zgodnie z \u00a7 36 VSBG):<\/strong> Za spory wynikaj\u0105ce z konfliktu interes\u00f3w odpowiada biuro pojednawcze adwokat\u00f3w mieszcz\u0105ce si\u0119 w Berlinie przy Rauchstra\u00dfe 26, www.s-d-r.org. Kancelaria TIGGES Rechtsanw\u00e4lte jest otwarta na udzia\u0142 w procedurach rozstrzygania spor\u00f3w w adwokackich organach arbitra\u017cowych.<\/p><p>Mo\u017cliwe jest r\u00f3wnie\u017c prowadzenie mediacji w sporach pomi\u0119dzy adwokatami a ich klientami przez odpowiedni organ arbitra\u017cowy lokalnej izby adwokackiej.<\/p><p><strong>Dane kontaktowe Izby Adwokackiej w D\u00fcsseldorfie:<\/strong><\/p><p>Freiligrathstra\u00dfe 25<br \/>40479 D\u00fcsseldorf<br \/>Tel.: 0211 49502-0<br \/>E-Mail: info@rechtsanwaltskammer-duesseldorf.de<\/p><p><strong>Dane kontaktowe Izby Adwokackiej w Berlinie:<\/strong><\/p><p>Littenstra\u00dfe 9<br \/>10179 Berlin<br \/>Tel.-Nr.: 030 306931-0<br \/>E-Mail: info@rak-berlin.org<\/p><p>Zgodnie z JMStV bez ogranicze\u0144 wiekowych.<\/p><p><strong>Niniejsza informacja prawna dotyczy r\u00f3wnie\u017c nast\u0119puj\u0105cych stron:<\/strong><\/p><ul><li>Facebook: [https:\/\/www.facebook.com\/TIGGES-Rechtsanw%C3%A4lte-Partnerschaft-344672598949152\/ ]<\/li><li>LinkedIn: [[https:\/\/www .linkedin.com\/company\/316531 \/]] oraz indywidualnych profili LinkedIn prawnik\u00f3w naszej kancelarii<\/li><li>Instagram: [https:\/\/www.instagram.com\/explore\/locations\/344672598949152\/tigges-rechtsanwalte-partnerschaft\/] [https:\/\/www .instagram.com\/explore\/locations\/344672598949152\/tigges-rechtsanwalte-partnerschaft \/]<\/li><\/ul>\t\t\t\t\t\t\t\t<\/div>\n\t\t\t\t<\/div>\n\t\t\t\t<\/div>\n\t\t","protected":false},"excerpt":{"rendered":"<p>Stopka Odpowiedzialno\u015b\u0107 za tre\u015b\u0107 strony zgodnie z \u00a7 5 DDG (Niemiecka ustawa o us\u0142ugach cyfrowych): TIGGES Rechtsanw\u00e4lte Partnerschaft mbB Forma prawna i rejestr: TIGGES Rechtsanw\u00e4lte Partnerschaft mbB jest sp\u00f3\u0142k\u0105 partnersk\u0105 z ograniczon\u0105 odpowiedzialno\u015bci\u0105 zawodow\u0105 zgodnie z ustaw\u0105 o sp\u00f3\u0142kach partnerskich, wpisan\u0105 do rejestru przedsi\u0119biorc\u00f3w (z numerem PR 1705) S\u0105du Rejonowego w Essen. Partnerzy Zarz\u0105dzaj\u0105cy: Tomasz [&hellip;]<\/p>\n","protected":false},"author":3,"featured_media":0,"parent":0,"menu_order":0,"comment_status":"closed","ping_status":"closed","template":"","meta":{"_acf_changed":false,"footnotes":""},"class_list":["post-6764","page","type-page","status-publish","hentry"],"acf":[],"_links":{"self":[{"href":"https:\/\/tigges.legal\/pl\/wp-json\/wp\/v2\/pages\/6764","targetHints":{"allow":["GET"]}}],"collection":[{"href":"https:\/\/tigges.legal\/pl\/wp-json\/wp\/v2\/pages"}],"about":[{"href":"https:\/\/tigges.legal\/pl\/wp-json\/wp\/v2\/types\/page"}],"author":[{"embeddable":true,"href":"https:\/\/tigges.legal\/pl\/wp-json\/wp\/v2\/users\/3"}],"replies":[{"embeddable":true,"href":"https:\/\/tigges.legal\/pl\/wp-json\/wp\/v2\/comments?post=6764"}],"version-history":[{"count":3,"href":"https:\/\/tigges.legal\/pl\/wp-json\/wp\/v2\/pages\/6764\/revisions"}],"predecessor-version":[{"id":9117,"href":"https:\/\/tigges.legal\/pl\/wp-json\/wp\/v2\/pages\/6764\/revisions\/9117"}],"wp:attachment":[{"href":"https:\/\/tigges.legal\/pl\/wp-json\/wp\/v2\/media?parent=6764"}],"curies":[{"name":"wp","href":"https:\/\/api.w.org\/{rel}","templated":true}]}}